{"id":2,"date":"2022-10-07T13:34:51","date_gmt":"2022-10-07T13:34:51","guid":{"rendered":"https:\/\/muemmelkueche.de\/?page_id=2"},"modified":"2022-11-27T08:57:23","modified_gmt":"2022-11-27T08:57:23","slug":"home","status":"publish","type":"page","link":"https:\/\/muemmelkueche.de\/","title":{"rendered":""},"content":{"rendered":"\n<p>Hallo M\u00fcmmels!<br>Ihr seid hier genau richtig, wenn ihr Rezepte sucht.<br>Essen ist eine Leidenschaft und sollte unkompliziert sein.&nbsp;<br>F\u00fcr jeden ist etwas dabei.<br><br>Das ist die M\u00fcmmelk\u00fcche:<\/p>\n\n\n\n<ul class=\"wp-block-list\">\n<li>schnell<\/li>\n\n\n\n<li>einfach<\/li>\n\n\n\n<li>g\u00fcnstig<\/li>\n<\/ul>\n\n\n\n<figure class=\"wp-block-image size-large\"><img fetchpriority=\"high\" decoding=\"async\" width=\"1024\" height=\"1024\" src=\"https:\/\/muemmelkueche.de\/wp-content\/uploads\/2022\/10\/SGN_04_10_2022_1649625465332-1-1024x1024.jpeg\" alt=\"\" class=\"wp-image-335\" srcset=\"https:\/\/muemmelkueche.de\/wp-content\/uploads\/2022\/10\/SGN_04_10_2022_1649625465332-1-1024x1024.jpeg 1024w, https:\/\/muemmelkueche.de\/wp-content\/uploads\/2022\/10\/SGN_04_10_2022_1649625465332-1-300x300.jpeg 300w, https:\/\/muemmelkueche.de\/wp-content\/uploads\/2022\/10\/SGN_04_10_2022_1649625465332-1-150x150.jpeg 150w, https:\/\/muemmelkueche.de\/wp-content\/uploads\/2022\/10\/SGN_04_10_2022_1649625465332-1-768x768.jpeg 768w, https:\/\/muemmelkueche.de\/wp-content\/uploads\/2022\/10\/SGN_04_10_2022_1649625465332-1-1536x1536.jpeg 1536w, https:\/\/muemmelkueche.de\/wp-content\/uploads\/2022\/10\/SGN_04_10_2022_1649625465332-1.jpeg 1920w\" sizes=\"(max-width: 1024px) 100vw, 1024px\" \/><\/figure>\n","protected":false},"excerpt":{"rendered":"<p>Hallo M\u00fcmmels!Ihr seid hier genau richtig, wenn ihr Rezepte sucht.Essen ist eine Leidenschaft und sollte unkompliziert sein.&nbsp;F\u00fcr jeden ist etwas dabei. Das ist die M\u00fcmmelk\u00fcche:<\/p>\n","protected":false},"author":1,"featured_media":0,"parent":0,"menu_order":0,"comment_status":"closed","ping_status":"closed","template":"","meta":{"_themeisle_gutenberg_block_has_review":false,"footnotes":""},"class_list":["post-2","page","type-page","status-publish","hentry"],"jetpack_sharing_enabled":true,"_links":{"self":[{"href":"https:\/\/muemmelkueche.de\/index.php?rest_route=\/wp\/v2\/pages\/2","targetHints":{"allow":["GET"]}}],"collection":[{"href":"https:\/\/muemmelkueche.de\/index.php?rest_route=\/wp\/v2\/pages"}],"about":[{"href":"https:\/\/muemmelkueche.de\/index.php?rest_route=\/wp\/v2\/types\/page"}],"author":[{"embeddable":true,"href":"https:\/\/muemmelkueche.de\/index.php?rest_route=\/wp\/v2\/users\/1"}],"replies":[{"embeddable":true,"href":"https:\/\/muemmelkueche.de\/index.php?rest_route=%2Fwp%2Fv2%2Fcomments&post=2"}],"version-history":[{"count":4,"href":"https:\/\/muemmelkueche.de\/index.php?rest_route=\/wp\/v2\/pages\/2\/revisions"}],"predecessor-version":[{"id":439,"href":"https:\/\/muemmelkueche.de\/index.php?rest_route=\/wp\/v2\/pages\/2\/revisions\/439"}],"wp:attachment":[{"href":"https:\/\/muemmelkueche.de\/index.php?rest_route=%2Fwp%2Fv2%2Fmedia&parent=2"}],"curies":[{"name":"wp","href":"https:\/\/api.w.org\/{rel}","templated":true}]}}